{"id":10160,"date":"2013-03-27T13:38:26","date_gmt":"2013-03-27T12:38:26","guid":{"rendered":"https:\/\/internetdagarna.se\/?page_id=10160"},"modified":"2021-01-15T10:28:00","modified_gmt":"2021-01-15T09:28:00","slug":"om","status":"publish","type":"page","link":"https:\/\/internetdagarna.se\/om\/","title":{"rendered":"Om Internetdagarna"},"content":{"rendered":"<p><div class=\"embed-container\"><iframe  title=\"Om Internetdagarna |\u00a0F\u00f6r alla som \u00e4lskar internet\" width=\"500\" height=\"281\" src=\"https:\/\/www.youtube.com\/embed\/79lnA_aKpDY?feature=oembed\" frameborder=\"0\" allow=\"accelerometer; autoplay; clipboard-write; encrypted-media; gyroscope; picture-in-picture\" allowfullscreen><\/iframe><\/div><\/p>\n<p>Internetdagarna \u00e4r en konferens d\u00e4r m\u00e4nniskor under tv\u00e5 dagar f\u00e5r nya och f\u00f6rdjupade kunskaper om internet och digitaliseringens p\u00e5verkan p\u00e5 samh\u00e4llet.\u00a0V\u00e5rt m\u00e5l \u00e4r att s\u00e5 m\u00e5nga som m\u00f6jligt av de som vill delta p\u00e5 Internetdagarna ska f\u00e5 chans att g\u00f6ra det utan att pl\u00e5nboken s\u00e4tter stopp.<\/p>\n<h2>V\u00e4lj det som passar dig b\u00e4st<\/h2>\n<p>Konferensen \u00e4r ordnad s\u00e5 att du kan v\u00e4lja att g\u00e5 en eller tv\u00e5 dagar. Genom att dela upp dagen i olika tematiska sp\u00e5r kan allt fr\u00e5n breda till smala \u00e4mnen f\u00e5 plats p\u00e5 agendan. V\u00e4lj det sp\u00e5r som passar dig och dina intressen b\u00e4st.<\/p>\n<h2>Vi tror p\u00e5 internet<\/h2>\n<p>Internetstiftelsen som st\u00e5r bakom konferensen \u00e4r en oberoende, aff\u00e4rsdriven och allm\u00e4nnyttig organisation. Vi verkar f\u00f6r ett internet som bidrar positivt till m\u00e4nniskan och samh\u00e4llet.<\/p>\n<p>Vi ansvarar f\u00f6r internets svenska toppdom\u00e4n .se och sk\u00f6ter \u00e4ven drift och administration av toppdom\u00e4nen .nu. Int\u00e4kterna fr\u00e5n aff\u00e4rsverksamheten finansierar en rad satsningar i syfte att m\u00f6jligg\u00f6ra att m\u00e4nniskor kan nyttja internet p\u00e5 b\u00e4sta s\u00e4tt och att ge kunskap om internetanv\u00e4ndningen i Sverige samt digitaliseringens p\u00e5verkan p\u00e5 samh\u00e4llet.<\/p>\n<p>Vi tillhandah\u00e5ller evenemang och utbildningsinsatser som g\u00f6r det enklare att f\u00f6rst\u00e5 och anv\u00e4nda internets tj\u00e4nster och som bidrar till \u00f6kad kompetens och fler m\u00f6ten som fr\u00e4mjar internetinnovation. <a href=\"https:\/\/internetstiftelsen.se\/om-oss\/vi-ar-internetstiftelsen\/\">L\u00e4s mer om Internetstiftelsen h\u00e4r.<\/a><\/p>\n<h2>H\u00e5llbarhet och m\u00e5ngfald<\/h2>\n<p>F\u00f6r oss \u00e4r det viktigt att bidra till ett mer h\u00e5llbart samh\u00e4lle och d\u00e4rf\u00f6r arbetar vi f\u00f6r att p\u00e5 olika s\u00e4tt minska v\u00e5r belastning p\u00e5 bland annat milj\u00f6n. V\u00e5ra fokusomr\u00e5den \u00e4r ekologisk, ekonomisk och social h\u00e5llbarhet. <a href=\"https:\/\/internetdagarna.se\/om\/hallbarhet\/\">H\u00e4r kan du l\u00e4sa mer om v\u00e5rt h\u00e5llbarhetsarbete.<\/a><\/p>\n<p>Alla p\u00e5 Internetdagarna ska bem\u00f6tas med respekt, oavsett om de st\u00e5r p\u00e5 scen som talare, deltar i diskussioner via sociala medier eller minglar i pauserna. Det \u00e4r viktigt att alla ska k\u00e4nna sig v\u00e4lkomna att delta och bidra till inneh\u00e5llet p\u00e5 Internetdagarna.<a href=\"https:\/\/internetdagarna.se\/om\/mangfald\/\">\u00a0H\u00e4r kan du l\u00e4sa mer om v\u00e5r m\u00e5ngfaldspolicy.<\/a><\/p>\n<h2>F\u00f6lj oss p\u00e5 sociala medier<\/h2>\n<p>F\u00f6lj Internetdagarna p\u00e5\u00a0<a href=\"https:\/\/twitter.com\/internetdagarna\">Twitter<\/a>,\u00a0<a href=\"https:\/\/www.instagram.com\/internetdagarna\/\">Instagram<\/a>\u00a0och\u00a0<a href=\"http:\/\/www.facebook.com\/internetdagarna\">Facebook<\/a>.<\/p>\n<h2>Integritetspolicy<\/h2>\n<p>L\u00e4s hela <a href=\"https:\/\/internetdagarna.se\/wordpress\/wp-content\/uploads\/integritetspolicy-internetdagarna.pdf\">integritetspolicyn f\u00f6r Internetdagarna h\u00e4r<\/a>.<\/p>\n<p><strong>\u00a0<\/strong><\/p>\n","protected":false},"excerpt":{"rendered":"<p>Internetdagarna \u00e4r Sveriges viktigaste kunskapsnav f\u00f6r alla som \u00e4lskar internet. Internetdagarnas arrangeras av Internetstiftelsen.<\/p>\n","protected":false},"author":86,"featured_media":0,"parent":0,"menu_order":0,"comment_status":"open","ping_status":"open","template":"","meta":[],"_links":{"self":[{"href":"https:\/\/internetdagarna.se\/wp-json\/wp\/v2\/pages\/10160"}],"collection":[{"href":"https:\/\/internetdagarna.se\/wp-json\/wp\/v2\/pages"}],"about":[{"href":"https:\/\/internetdagarna.se\/wp-json\/wp\/v2\/types\/page"}],"author":[{"embeddable":true,"href":"https:\/\/internetdagarna.se\/wp-json\/wp\/v2\/users\/86"}],"replies":[{"embeddable":true,"href":"https:\/\/internetdagarna.se\/wp-json\/wp\/v2\/comments?post=10160"}],"version-history":[{"count":73,"href":"https:\/\/internetdagarna.se\/wp-json\/wp\/v2\/pages\/10160\/revisions"}],"predecessor-version":[{"id":30146,"href":"https:\/\/internetdagarna.se\/wp-json\/wp\/v2\/pages\/10160\/revisions\/30146"}],"wp:attachment":[{"href":"https:\/\/internetdagarna.se\/wp-json\/wp\/v2\/media?parent=10160"}],"curies":[{"name":"wp","href":"https:\/\/api.w.org\/{rel}","templated":true}]}}