{"id":10231,"date":"2013-04-02T21:37:14","date_gmt":"2013-04-02T19:37:14","guid":{"rendered":"https:\/\/internetdagarna.se\/?page_id=10231"},"modified":"2020-11-22T16:32:14","modified_gmt":"2020-11-22T15:32:14","slug":"kontakt","status":"publish","type":"page","link":"https:\/\/internetdagarna.se\/om\/kontakt\/","title":{"rendered":"Kontakt"},"content":{"rendered":"<h3>Har du problem att logga in, sv\u00e5rt att hitta ditt sp\u00e5r eller teknikfr\u00e5gor?<\/h3>\n<p>Hitta <a href=\"https:\/\/internetdagarna.se\/om\/vanliga-fragor\/\">svar p\u00e5 de vanligaste\u00a0fr\u00e5gorna<\/a>.\u00a0<\/p>\n<p>Kontakta <a href=\"mailto:internetdagarna@springconf.com\">internetdagarna@springconf.com<\/a><br \/>Telefon: 08-610 07 42<\/p>\n<p>Har du fr\u00e5gor som r\u00f6r Internetstiftelsen eller konferensen i \u00f6vrigt? Kontakta oss p\u00e5 <a href=\"mailto:redaktion@internetstiftelsen.se\">redaktion@internetstiftelsen.se<\/a><\/p>\n\n\n<hr class=\"wp-block-separator\"\/>\n\n\n\n<h2>Sociala kanaler<b><\/b><\/h2>\n<ul>\n<li><a href=\"https:\/\/www.facebook.com\/Internetdagarna\/\">Facebook<\/a><\/li>\n<li><a href=\"https:\/\/www.instagram.com\/internetdagarna\/\">Instagram<\/a><\/li>\n<li><a href=\"https:\/\/twitter.com\/internetdagarna\">Twitter<\/a><\/li>\n<\/ul>\n","protected":false},"excerpt":{"rendered":"<p>Har du problem att logga in, sv\u00e5rt att hitta ditt sp\u00e5r eller teknikfr\u00e5gor? Hitta svar p\u00e5 de vanligaste\u00a0fr\u00e5gorna.\u00a0 Kontakta internetdagarna@springconf.comTelefon: 08-610 07 42 Har du fr\u00e5gor som r\u00f6r Internetstiftelsen eller konferensen i \u00f6vrigt? Kontakta oss [&hellip;]<\/p>\n","protected":false},"author":86,"featured_media":0,"parent":10160,"menu_order":100,"comment_status":"open","ping_status":"closed","template":"","meta":[],"_links":{"self":[{"href":"https:\/\/internetdagarna.se\/wp-json\/wp\/v2\/pages\/10231"}],"collection":[{"href":"https:\/\/internetdagarna.se\/wp-json\/wp\/v2\/pages"}],"about":[{"href":"https:\/\/internetdagarna.se\/wp-json\/wp\/v2\/types\/page"}],"author":[{"embeddable":true,"href":"https:\/\/internetdagarna.se\/wp-json\/wp\/v2\/users\/86"}],"replies":[{"embeddable":true,"href":"https:\/\/internetdagarna.se\/wp-json\/wp\/v2\/comments?post=10231"}],"version-history":[{"count":32,"href":"https:\/\/internetdagarna.se\/wp-json\/wp\/v2\/pages\/10231\/revisions"}],"predecessor-version":[{"id":30114,"href":"https:\/\/internetdagarna.se\/wp-json\/wp\/v2\/pages\/10231\/revisions\/30114"}],"up":[{"embeddable":true,"href":"https:\/\/internetdagarna.se\/wp-json\/wp\/v2\/pages\/10160"}],"wp:attachment":[{"href":"https:\/\/internetdagarna.se\/wp-json\/wp\/v2\/media?parent=10231"}],"curies":[{"name":"wp","href":"https:\/\/api.w.org\/{rel}","templated":true}]}}