{"id":11439,"date":"2013-08-20T14:01:03","date_gmt":"2013-08-20T12:01:03","guid":{"rendered":"https:\/\/internetdagarna.se\/?page_id=11439"},"modified":"2021-01-07T10:02:50","modified_gmt":"2021-01-07T09:02:50","slug":"press","status":"publish","type":"page","link":"https:\/\/internetdagarna.se\/om\/press\/","title":{"rendered":"Press och ackreditering"},"content":{"rendered":"<p>Internetdagarna \u00e4r \u00f6ppet f\u00f6r journalister, bloggare och influencers. Observera att ackreditering \u00e4r obligatorisk och sker genom mejl till <a href=\"mailto:julia.hogstrom@internetstiftelsen.se\">julia.hogstrom@internetstiftelsen.se<\/a>.\u00a0I mejlet skriver du ditt namn och vilken redaktion du arbetar f\u00f6r.<\/p>\n<h2>Presskontakt<\/h2>\n<h4>Julia H\u00f6gstr\u00f6m, pressansvarig<\/h4>\n<ul>\n<li><strong>Telefon:<\/strong> <a href=\"tel:0720032991\">072-003 29 91<\/a> (ej sms)<\/li>\n<li><strong>E-post:<\/strong> <a href=\"mailto:julia.hogstrom@internetstiftelsen.se\">julia.hogstrom@internetstiftelsen.se<\/a><\/li>\n<\/ul>\n","protected":false},"excerpt":{"rendered":"<p>Internetdagarna \u00e4r \u00f6ppet f\u00f6r journalister, bloggare och influencers. Observera att ackreditering \u00e4r obligatorisk och sker genom mejl till julia.hogstrom@internetstiftelsen.se.\u00a0I mejlet skriver du ditt namn och vilken redaktion du arbetar f\u00f6r. Presskontakt Julia H\u00f6gstr\u00f6m, pressansvarig Telefon: [&hellip;]<\/p>\n","protected":false},"author":87,"featured_media":0,"parent":10160,"menu_order":500,"comment_status":"open","ping_status":"open","template":"","meta":[],"_links":{"self":[{"href":"https:\/\/internetdagarna.se\/wp-json\/wp\/v2\/pages\/11439"}],"collection":[{"href":"https:\/\/internetdagarna.se\/wp-json\/wp\/v2\/pages"}],"about":[{"href":"https:\/\/internetdagarna.se\/wp-json\/wp\/v2\/types\/page"}],"author":[{"embeddable":true,"href":"https:\/\/internetdagarna.se\/wp-json\/wp\/v2\/users\/87"}],"replies":[{"embeddable":true,"href":"https:\/\/internetdagarna.se\/wp-json\/wp\/v2\/comments?post=11439"}],"version-history":[{"count":28,"href":"https:\/\/internetdagarna.se\/wp-json\/wp\/v2\/pages\/11439\/revisions"}],"predecessor-version":[{"id":30142,"href":"https:\/\/internetdagarna.se\/wp-json\/wp\/v2\/pages\/11439\/revisions\/30142"}],"up":[{"embeddable":true,"href":"https:\/\/internetdagarna.se\/wp-json\/wp\/v2\/pages\/10160"}],"wp:attachment":[{"href":"https:\/\/internetdagarna.se\/wp-json\/wp\/v2\/media?parent=11439"}],"curies":[{"name":"wp","href":"https:\/\/api.w.org\/{rel}","templated":true}]}}